{"id":13,"date":"2021-10-19T17:51:48","date_gmt":"2021-10-19T17:51:48","guid":{"rendered":"https:\/\/d-themes.com\/wordpress\/udesign\/dummy\/photography\/?page_id=13"},"modified":"2026-03-05T15:30:07","modified_gmt":"2026-03-05T15:30:07","slug":"quienes-somos","status":"publish","type":"page","link":"https:\/\/unomotor.com.ar\/web\/quienes-somos\/","title":{"rendered":"Quienes Somos"},"content":{"rendered":"\t\t<div data-elementor-type=\"wp-page\" data-elementor-id=\"13\" class=\"elementor elementor-13\">\n\t\t\t\t\t\t<div class=\" elementor-section elementor-top-section elementor-element elementor-element-f4e9e0c elementor-section-boxed elementor-section-height-default elementor-section-height-default smart-sticky-default\" data-id=\"f4e9e0c\" data-element_type=\"section\" data-e-type=\"section\">\r\n\t\t\t\t\t\t\t\t<div class=\"elementor-container elementor-column-gap-default\">\r\n\t\t\t\t\r\n\t\t\t\t\t\t\t\t<div class=\" elementor-column elementor-col-100 elementor-top-column elementor-element elementor-element-2847a0b \" data-id=\"2847a0b\" data-element_type=\"column\" data-e-type=\"column\">\r\n\r\n\t\t\t\t\r\n\t\t\t\t<div class=\"elementor-widget-wrap elementor-element-populated\">\r\n\t\t\t\t\t\t\t\t\t\t\r\n\t\t\t\t\t\t<div class=\"elementor-element elementor-element-d3d80e1 elementor-invisible elementor-widget elementor-widget-heading\" data-id=\"d3d80e1\" data-element_type=\"widget\" data-e-type=\"widget\" data-settings=\"{&quot;_animation&quot;:&quot;fadeIn&quot;}\" data-widget_type=\"heading.default\">\n\t\t\t\t<div class=\"elementor-widget-container\">\n\t\t\t\t\t<h3 class=\"elementor-heading-title elementor-size-default\">Mayorista de Motopartes<\/h3>\t\t\t\t<\/div>\n\t\t\t\t<\/div>\n\t\t\t\t<div class=\"elementor-element elementor-element-f9f397d mb-8 elementor-invisible elementor-widget elementor-widget-heading\" data-id=\"f9f397d\" data-element_type=\"widget\" data-e-type=\"widget\" data-settings=\"{&quot;_animation&quot;:&quot;fadeIn&quot;}\" data-widget_type=\"heading.default\">\n\t\t\t\t<div class=\"elementor-widget-container\">\n\t\t\t\t\t<h2 class=\"elementor-heading-title elementor-size-default\">Quienes Somos<\/h2>\t\t\t\t<\/div>\n\t\t\t\t<\/div>\n\t\t\t\t<div class=\"elementor-element elementor-element-bbb9a76 elementor-invisible elementor-widget elementor-widget-text-editor\" data-id=\"bbb9a76\" data-element_type=\"widget\" data-e-type=\"widget\" data-settings=\"{&quot;_animation&quot;:&quot;fadeInUp&quot;}\" data-widget_type=\"text-editor.default\">\n\t\t\t\t<div class=\"elementor-widget-container\">\n\t\t\t\t\t\t\t\t\t<p><strong>UNOMOTOR SRL<\/strong> inici\u00f3 sus actividades en septiembre de 2001 en la ciudad de Rosario, contando con 25 a\u00f1os de presencia y trayectoria en el mercado.<\/p><p>Desde el comienzo de nuestras actividades nos especializamos en la venta mayorista de repuestos y accesorios para motocicletas. Disponemos de una amplia red comercial brindando cobertura nacional a trav\u00e9s de ventas personalizadas, asistencia telef\u00f3nica especializada y customer service.<\/p><p>Con el transcurso de los a\u00f1os hemos incorporado nuevas l\u00edneas de productos con el objetivo de proveer a nuestros clientes una soluci\u00f3n integral a sus necesidades.<\/p><p><strong>UNOMOTOR SRL<\/strong>\u00a0desarrolla alianzas estrat\u00e9gicas de mediano y largo plazo con sus principales proveedores de marcas l\u00edderes, tanto de origen Nacional como Importado.<\/p><p>Siguiendo esta premisa, contamos con la Representaci\u00f3n y Distribuci\u00f3n Oficial de: <a href=\"https:\/\/unomotor.com.ar\/web\/cascos-de-moto-vertigo\/\">Cascos\u00a0VERTIGO\u00a0<\/a>(Arg.), lubricantes\u00a0IPONE\u00a0(Francia), Zapatas y Pastillas de freno\u00a0FRAS-LE (Brasil), <a href=\"https:\/\/unomotor.com.ar\/web\/2025\/04\/17\/michelin-neumaticos-nuevos-modelos\/\">Neum\u00e1ticos Michelin<\/a> (Francia) \u00a0somos\u00a0<b>Importadores Directos<\/b>\u00a0para Argentina de <a href=\"https:\/\/unomotor.com.ar\/web\/importador-pro-tork\/\">Repuestos\/Accesorios\u00a0PRO TORK<\/a>, y <a href=\"https:\/\/unomotor.com.ar\/web\/2023\/09\/20\/cubiertas-levorin\/\">Neum\u00e1ticos LEVORIN<\/a>\u00a0(Brasil), productos de <a href=\"https:\/\/unomotor.com.ar\/web\/2023\/06\/15\/seguridad-para-motos-y-bici\/\">Seguridad\u00a0LUMA<\/a>\u00a0(Espa\u00f1a),\u00a0y otras marcas, como bater\u00edas\u00a0HAIJIU, Kobo l\u00e1mparas, LuxLed y Oregon accesorios y nuestra \u00faltima incorporaci\u00f3n:\u00a0lubricantes <a href=\"https:\/\/unomotor.com.ar\/web\/petronas-sprinta\/\">Petronas Sprinta<\/a>, que completan nuestra Amplia Cartera de Productos.<\/p><p>Nuestro objetivo principal es el desarrollo de gesti\u00f3n y sistemas para mejorar d\u00eda a d\u00eda nuestra actividad, a fin de brindar\u00a0<strong>un servicio que asegure la entrega en tiempo y forma con su correspondiente asesoramiento<\/strong>.<\/p><p>Nuestro servicio se fortalece con la disponibilidad permanente de stock en las principales l\u00edneas comercializadas.<\/p>\t\t\t\t\t\t\t\t<\/div>\n\t\t\t\t<\/div>\n\t\t\t\t<div class=\"elementor-element elementor-element-e17486b elementor-arrows-position-outside elementor-widget elementor-widget-image-carousel\" data-id=\"e17486b\" data-element_type=\"widget\" data-e-type=\"widget\" data-settings=\"{&quot;slides_to_show&quot;:&quot;3&quot;,&quot;navigation&quot;:&quot;arrows&quot;,&quot;autoplay&quot;:&quot;yes&quot;,&quot;autoplay_speed&quot;:5000,&quot;infinite&quot;:&quot;yes&quot;,&quot;speed&quot;:500,&quot;image_spacing_custom&quot;:{&quot;unit&quot;:&quot;px&quot;,&quot;size&quot;:20,&quot;sizes&quot;:[]},&quot;image_spacing_custom_laptop&quot;:{&quot;unit&quot;:&quot;px&quot;,&quot;size&quot;:&quot;&quot;,&quot;sizes&quot;:[]},&quot;image_spacing_custom_tablet_extra&quot;:{&quot;unit&quot;:&quot;px&quot;,&quot;size&quot;:&quot;&quot;,&quot;sizes&quot;:[]},&quot;image_spacing_custom_tablet&quot;:{&quot;unit&quot;:&quot;px&quot;,&quot;size&quot;:&quot;&quot;,&quot;sizes&quot;:[]},&quot;image_spacing_custom_mobile&quot;:{&quot;unit&quot;:&quot;px&quot;,&quot;size&quot;:&quot;&quot;,&quot;sizes&quot;:[]}}\" data-widget_type=\"image-carousel.default\">\n\t\t\t\t<div class=\"elementor-widget-container\">\n\t\t\t\t\t\t\t<div class=\"elementor-image-carousel-wrapper swiper\" role=\"region\" aria-roledescription=\"carousel\" aria-label=\"Carrusel de im\u00e1genes\" dir=\"ltr\">\n\t\t\t<div class=\"elementor-image-carousel swiper-wrapper\" aria-live=\"off\">\n\t\t\t\t\t\t\t\t<div class=\"swiper-slide\" role=\"group\" aria-roledescription=\"slide\" aria-label=\"1 de 8\"><figure class=\"swiper-slide-inner\"><img decoding=\"async\" class=\"swiper-slide-image\" src=\"https:\/\/unomotor.com.ar\/web\/wp-content\/uploads\/2024\/06\/unomotor_0001_2-1024x1024.jpg\" alt=\"Unomtor SRL - Quienes Somos 5\" \/><\/figure><\/div><div class=\"swiper-slide\" role=\"group\" aria-roledescription=\"slide\" aria-label=\"2 de 8\"><figure class=\"swiper-slide-inner\"><img decoding=\"async\" class=\"swiper-slide-image\" src=\"https:\/\/unomotor.com.ar\/web\/wp-content\/uploads\/2024\/06\/unomotor_0000_1-1024x1024.jpg\" alt=\"Unomtor SRL - Quienes Somos 6\" \/><\/figure><\/div><div class=\"swiper-slide\" role=\"group\" aria-roledescription=\"slide\" aria-label=\"3 de 8\"><figure class=\"swiper-slide-inner\"><img decoding=\"async\" class=\"swiper-slide-image\" src=\"https:\/\/unomotor.com.ar\/web\/wp-content\/uploads\/2024\/06\/unomotor_0005_Copia-de-WhatsApp-Image-2022-09-13-at-16.13.44-1024x1024.jpg\" alt=\"Unomtor SRL - Quienes Somos 7\" \/><\/figure><\/div><div class=\"swiper-slide\" role=\"group\" aria-roledescription=\"slide\" aria-label=\"4 de 8\"><figure class=\"swiper-slide-inner\"><img decoding=\"async\" class=\"swiper-slide-image\" src=\"https:\/\/unomotor.com.ar\/web\/wp-content\/uploads\/2024\/06\/unomotor_0006_Copia-de-WhatsApp-Image-2022-09-13-at-16.10.35-1024x1024.jpg\" alt=\"unomotor\" \/><\/figure><\/div><div class=\"swiper-slide\" role=\"group\" aria-roledescription=\"slide\" aria-label=\"5 de 8\"><figure class=\"swiper-slide-inner\"><img decoding=\"async\" class=\"swiper-slide-image\" src=\"https:\/\/unomotor.com.ar\/web\/wp-content\/uploads\/2025\/08\/IMG_20240530_162806944.jpg\" alt=\"Unomtor SRL - Quienes Somos 2\" \/><\/figure><\/div><div class=\"swiper-slide\" role=\"group\" aria-roledescription=\"slide\" aria-label=\"6 de 8\"><figure class=\"swiper-slide-inner\"><img decoding=\"async\" class=\"swiper-slide-image\" src=\"https:\/\/unomotor.com.ar\/web\/wp-content\/uploads\/2025\/08\/IMG_20240521_090609586_HDR.jpg\" alt=\"Unomtor SRL - Quienes Somos 3\" \/><\/figure><\/div><div class=\"swiper-slide\" role=\"group\" aria-roledescription=\"slide\" aria-label=\"7 de 8\"><figure class=\"swiper-slide-inner\"><img decoding=\"async\" class=\"swiper-slide-image\" src=\"https:\/\/unomotor.com.ar\/web\/wp-content\/uploads\/2025\/08\/IMG_20250326_113609761_HDR.jpg\" alt=\"Unomtor SRL - Quienes Somos 1\" \/><\/figure><\/div><div class=\"swiper-slide\" role=\"group\" aria-roledescription=\"slide\" aria-label=\"8 de 8\"><figure class=\"swiper-slide-inner\"><img decoding=\"async\" class=\"swiper-slide-image\" src=\"https:\/\/unomotor.com.ar\/web\/wp-content\/uploads\/2025\/08\/IMG_20250326_113719306_HDR.jpg\" alt=\"Unomtor SRL - Quienes Somos 4\" \/><\/figure><\/div>\t\t\t<\/div>\n\t\t\t\t\t\t\t\t\t\t\t\t<div class=\"elementor-swiper-button elementor-swiper-button-prev\" role=\"button\" tabindex=\"0\">\n\t\t\t\t\t\t<svg aria-hidden=\"true\" class=\"e-font-icon-svg e-eicon-chevron-left\" viewBox=\"0 0 1000 1000\" xmlns=\"http:\/\/www.w3.org\/2000\/svg\"><path d=\"M646 125C629 125 613 133 604 142L308 442C296 454 292 471 292 487 292 504 296 521 308 533L604 854C617 867 629 875 646 875 663 875 679 871 692 858 704 846 713 829 713 812 713 796 708 779 692 767L438 487 692 225C700 217 708 204 708 187 708 171 704 154 692 142 675 129 663 125 646 125Z\"><\/path><\/svg>\t\t\t\t\t<\/div>\n\t\t\t\t\t<div class=\"elementor-swiper-button elementor-swiper-button-next\" role=\"button\" tabindex=\"0\">\n\t\t\t\t\t\t<svg aria-hidden=\"true\" class=\"e-font-icon-svg e-eicon-chevron-right\" viewBox=\"0 0 1000 1000\" xmlns=\"http:\/\/www.w3.org\/2000\/svg\"><path d=\"M696 533C708 521 713 504 713 487 713 471 708 454 696 446L400 146C388 133 375 125 354 125 338 125 325 129 313 142 300 154 292 171 292 187 292 204 296 221 308 233L563 492 304 771C292 783 288 800 288 817 288 833 296 850 308 863 321 871 338 875 354 875 371 875 388 867 400 854L696 533Z\"><\/path><\/svg>\t\t\t\t\t<\/div>\n\t\t\t\t\n\t\t\t\t\t\t\t\t\t<\/div>\n\t\t\t\t\t\t<\/div>\n\t\t\t\t<\/div>\n\t\t\t\t\t\t<\/div>\r\n\t\t\t\t<\/div>\r\n\t\t\t\t\t\t\t\t<\/div>\r\n\t\t\t<\/div>\r\n\t\t\t\t\t<\/div>\n\t\t","protected":false},"excerpt":{"rendered":"<p>Mayorista de Motopartes Quienes Somos UNOMOTOR SRL inici\u00f3 sus actividades en septiembre de 2001 en la ciudad de Rosario, contando con 25 a\u00f1os de presencia y trayectoria en el mercado. Desde el comienzo de nuestras actividades nos especializamos en la venta mayorista de repuestos y accesorios para motocicletas. Disponemos de una amplia red comercial brindando [&hellip;]<\/p>\n","protected":false},"author":2,"featured_media":5768,"parent":0,"menu_order":2,"comment_status":"closed","ping_status":"closed","template":"","meta":{"_joinchat":[],"footnotes":""},"class_list":["post-13","page","type-page","status-publish","has-post-thumbnail","hentry"],"yoast_head":"<!-- This site is optimized with the Yoast SEO plugin v27.4 - https:\/\/yoast.com\/product\/yoast-seo-wordpress\/ -->\n<title>Unomotor SRL | L\u00edderes en Repuestos para Motos - Quienes Somos<\/title>\n<meta name=\"description\" content=\"Somos Unomotor SRL: L\u00edderes en venta mayorista de repuestos y accesorios para motos en Argentina. Cobertura nacional y marcas l\u00edderes.\" \/>\n<meta name=\"robots\" content=\"index, follow, max-snippet:-1, max-image-preview:large, max-video-preview:-1\" \/>\n<link rel=\"canonical\" href=\"https:\/\/unomotor.com.ar\/web\/quienes-somos\/\" \/>\n<meta property=\"og:locale\" content=\"es_ES\" \/>\n<meta property=\"og:type\" content=\"article\" \/>\n<meta property=\"og:title\" content=\"Unomotor SRL | L\u00edderes en Repuestos para Motos - Quienes Somos\" \/>\n<meta property=\"og:description\" content=\"Somos Unomotor SRL: L\u00edderes en venta mayorista de repuestos y accesorios para motos en Argentina. Cobertura nacional y marcas l\u00edderes.\" \/>\n<meta property=\"og:url\" content=\"https:\/\/unomotor.com.ar\/web\/quienes-somos\/\" \/>\n<meta property=\"og:site_name\" content=\"Unomotor SRL\" \/>\n<meta property=\"article:modified_time\" content=\"2026-03-05T15:30:07+00:00\" \/>\n<meta property=\"og:image\" content=\"https:\/\/unomotor.com.ar\/web\/wp-content\/uploads\/2024\/06\/unomotor_0000_1.jpg\" \/>\n\t<meta property=\"og:image:width\" content=\"1200\" \/>\n\t<meta property=\"og:image:height\" content=\"1200\" \/>\n\t<meta property=\"og:image:type\" content=\"image\/jpeg\" \/>\n<meta name=\"twitter:card\" content=\"summary_large_image\" \/>\n<meta name=\"twitter:label1\" content=\"Tiempo de lectura\" \/>\n\t<meta name=\"twitter:data1\" content=\"4 minutos\" \/>\n<script type=\"application\/ld+json\" class=\"yoast-schema-graph\">{\"@context\":\"https:\\\/\\\/schema.org\",\"@graph\":[{\"@type\":\"WebPage\",\"@id\":\"https:\\\/\\\/unomotor.com.ar\\\/web\\\/quienes-somos\\\/\",\"url\":\"https:\\\/\\\/unomotor.com.ar\\\/web\\\/quienes-somos\\\/\",\"name\":\"Unomotor SRL | L\u00edderes en Repuestos para Motos - Quienes Somos\",\"isPartOf\":{\"@id\":\"https:\\\/\\\/unomotor.com.ar\\\/web\\\/#website\"},\"primaryImageOfPage\":{\"@id\":\"https:\\\/\\\/unomotor.com.ar\\\/web\\\/quienes-somos\\\/#primaryimage\"},\"image\":{\"@id\":\"https:\\\/\\\/unomotor.com.ar\\\/web\\\/quienes-somos\\\/#primaryimage\"},\"thumbnailUrl\":\"https:\\\/\\\/unomotor.com.ar\\\/web\\\/wp-content\\\/uploads\\\/2024\\\/06\\\/unomotor_0000_1.jpg\",\"datePublished\":\"2021-10-19T17:51:48+00:00\",\"dateModified\":\"2026-03-05T15:30:07+00:00\",\"description\":\"Somos Unomotor SRL: L\u00edderes en venta mayorista de repuestos y accesorios para motos en Argentina. Cobertura nacional y marcas l\u00edderes.\",\"breadcrumb\":{\"@id\":\"https:\\\/\\\/unomotor.com.ar\\\/web\\\/quienes-somos\\\/#breadcrumb\"},\"inLanguage\":\"es\",\"potentialAction\":[{\"@type\":\"ReadAction\",\"target\":[\"https:\\\/\\\/unomotor.com.ar\\\/web\\\/quienes-somos\\\/\"]}]},{\"@type\":\"ImageObject\",\"inLanguage\":\"es\",\"@id\":\"https:\\\/\\\/unomotor.com.ar\\\/web\\\/quienes-somos\\\/#primaryimage\",\"url\":\"https:\\\/\\\/unomotor.com.ar\\\/web\\\/wp-content\\\/uploads\\\/2024\\\/06\\\/unomotor_0000_1.jpg\",\"contentUrl\":\"https:\\\/\\\/unomotor.com.ar\\\/web\\\/wp-content\\\/uploads\\\/2024\\\/06\\\/unomotor_0000_1.jpg\",\"width\":1200,\"height\":1200,\"caption\":\"Unomtor SRL - Quienes Somos 6\"},{\"@type\":\"BreadcrumbList\",\"@id\":\"https:\\\/\\\/unomotor.com.ar\\\/web\\\/quienes-somos\\\/#breadcrumb\",\"itemListElement\":[{\"@type\":\"ListItem\",\"position\":1,\"name\":\"Portada\",\"item\":\"https:\\\/\\\/unomotor.com.ar\\\/web\\\/\"},{\"@type\":\"ListItem\",\"position\":2,\"name\":\"Quienes Somos\"}]},{\"@type\":\"WebSite\",\"@id\":\"https:\\\/\\\/unomotor.com.ar\\\/web\\\/#website\",\"url\":\"https:\\\/\\\/unomotor.com.ar\\\/web\\\/\",\"name\":\"Unomotor SRL\",\"description\":\"Mayorista de Motopartes - Importador Directo\",\"publisher\":{\"@id\":\"https:\\\/\\\/unomotor.com.ar\\\/web\\\/#organization\"},\"potentialAction\":[{\"@type\":\"SearchAction\",\"target\":{\"@type\":\"EntryPoint\",\"urlTemplate\":\"https:\\\/\\\/unomotor.com.ar\\\/web\\\/?s={search_term_string}\"},\"query-input\":{\"@type\":\"PropertyValueSpecification\",\"valueRequired\":true,\"valueName\":\"search_term_string\"}}],\"inLanguage\":\"es\"},{\"@type\":\"Organization\",\"@id\":\"https:\\\/\\\/unomotor.com.ar\\\/web\\\/#organization\",\"name\":\"Unomotor SRL\",\"url\":\"https:\\\/\\\/unomotor.com.ar\\\/web\\\/\",\"logo\":{\"@type\":\"ImageObject\",\"inLanguage\":\"es\",\"@id\":\"https:\\\/\\\/unomotor.com.ar\\\/web\\\/#\\\/schema\\\/logo\\\/image\\\/\",\"url\":\"https:\\\/\\\/unomotor.com.ar\\\/web\\\/wp-content\\\/uploads\\\/2026\\\/03\\\/cropped-logo-web-unm-small_WEB.png\",\"contentUrl\":\"https:\\\/\\\/unomotor.com.ar\\\/web\\\/wp-content\\\/uploads\\\/2026\\\/03\\\/cropped-logo-web-unm-small_WEB.png\",\"width\":355,\"height\":78,\"caption\":\"Unomotor SRL\"},\"image\":{\"@id\":\"https:\\\/\\\/unomotor.com.ar\\\/web\\\/#\\\/schema\\\/logo\\\/image\\\/\"}}]}<\/script>\n<!-- \/ Yoast SEO plugin. -->","yoast_head_json":{"title":"Unomotor SRL | L\u00edderes en Repuestos para Motos - Quienes Somos","description":"Somos Unomotor SRL: L\u00edderes en venta mayorista de repuestos y accesorios para motos en Argentina. Cobertura nacional y marcas l\u00edderes.","robots":{"index":"index","follow":"follow","max-snippet":"max-snippet:-1","max-image-preview":"max-image-preview:large","max-video-preview":"max-video-preview:-1"},"canonical":"https:\/\/unomotor.com.ar\/web\/quienes-somos\/","og_locale":"es_ES","og_type":"article","og_title":"Unomotor SRL | L\u00edderes en Repuestos para Motos - Quienes Somos","og_description":"Somos Unomotor SRL: L\u00edderes en venta mayorista de repuestos y accesorios para motos en Argentina. Cobertura nacional y marcas l\u00edderes.","og_url":"https:\/\/unomotor.com.ar\/web\/quienes-somos\/","og_site_name":"Unomotor SRL","article_modified_time":"2026-03-05T15:30:07+00:00","og_image":[{"width":1200,"height":1200,"url":"https:\/\/unomotor.com.ar\/web\/wp-content\/uploads\/2024\/06\/unomotor_0000_1.jpg","type":"image\/jpeg"}],"twitter_card":"summary_large_image","twitter_misc":{"Tiempo de lectura":"4 minutos"},"schema":{"@context":"https:\/\/schema.org","@graph":[{"@type":"WebPage","@id":"https:\/\/unomotor.com.ar\/web\/quienes-somos\/","url":"https:\/\/unomotor.com.ar\/web\/quienes-somos\/","name":"Unomotor SRL | L\u00edderes en Repuestos para Motos - Quienes Somos","isPartOf":{"@id":"https:\/\/unomotor.com.ar\/web\/#website"},"primaryImageOfPage":{"@id":"https:\/\/unomotor.com.ar\/web\/quienes-somos\/#primaryimage"},"image":{"@id":"https:\/\/unomotor.com.ar\/web\/quienes-somos\/#primaryimage"},"thumbnailUrl":"https:\/\/unomotor.com.ar\/web\/wp-content\/uploads\/2024\/06\/unomotor_0000_1.jpg","datePublished":"2021-10-19T17:51:48+00:00","dateModified":"2026-03-05T15:30:07+00:00","description":"Somos Unomotor SRL: L\u00edderes en venta mayorista de repuestos y accesorios para motos en Argentina. Cobertura nacional y marcas l\u00edderes.","breadcrumb":{"@id":"https:\/\/unomotor.com.ar\/web\/quienes-somos\/#breadcrumb"},"inLanguage":"es","potentialAction":[{"@type":"ReadAction","target":["https:\/\/unomotor.com.ar\/web\/quienes-somos\/"]}]},{"@type":"ImageObject","inLanguage":"es","@id":"https:\/\/unomotor.com.ar\/web\/quienes-somos\/#primaryimage","url":"https:\/\/unomotor.com.ar\/web\/wp-content\/uploads\/2024\/06\/unomotor_0000_1.jpg","contentUrl":"https:\/\/unomotor.com.ar\/web\/wp-content\/uploads\/2024\/06\/unomotor_0000_1.jpg","width":1200,"height":1200,"caption":"Unomtor SRL - Quienes Somos 6"},{"@type":"BreadcrumbList","@id":"https:\/\/unomotor.com.ar\/web\/quienes-somos\/#breadcrumb","itemListElement":[{"@type":"ListItem","position":1,"name":"Portada","item":"https:\/\/unomotor.com.ar\/web\/"},{"@type":"ListItem","position":2,"name":"Quienes Somos"}]},{"@type":"WebSite","@id":"https:\/\/unomotor.com.ar\/web\/#website","url":"https:\/\/unomotor.com.ar\/web\/","name":"Unomotor SRL","description":"Mayorista de Motopartes - Importador Directo","publisher":{"@id":"https:\/\/unomotor.com.ar\/web\/#organization"},"potentialAction":[{"@type":"SearchAction","target":{"@type":"EntryPoint","urlTemplate":"https:\/\/unomotor.com.ar\/web\/?s={search_term_string}"},"query-input":{"@type":"PropertyValueSpecification","valueRequired":true,"valueName":"search_term_string"}}],"inLanguage":"es"},{"@type":"Organization","@id":"https:\/\/unomotor.com.ar\/web\/#organization","name":"Unomotor SRL","url":"https:\/\/unomotor.com.ar\/web\/","logo":{"@type":"ImageObject","inLanguage":"es","@id":"https:\/\/unomotor.com.ar\/web\/#\/schema\/logo\/image\/","url":"https:\/\/unomotor.com.ar\/web\/wp-content\/uploads\/2026\/03\/cropped-logo-web-unm-small_WEB.png","contentUrl":"https:\/\/unomotor.com.ar\/web\/wp-content\/uploads\/2026\/03\/cropped-logo-web-unm-small_WEB.png","width":355,"height":78,"caption":"Unomotor SRL"},"image":{"@id":"https:\/\/unomotor.com.ar\/web\/#\/schema\/logo\/image\/"}}]}},"_links":{"self":[{"href":"https:\/\/unomotor.com.ar\/web\/wp-json\/wp\/v2\/pages\/13","targetHints":{"allow":["GET"]}}],"collection":[{"href":"https:\/\/unomotor.com.ar\/web\/wp-json\/wp\/v2\/pages"}],"about":[{"href":"https:\/\/unomotor.com.ar\/web\/wp-json\/wp\/v2\/types\/page"}],"author":[{"embeddable":true,"href":"https:\/\/unomotor.com.ar\/web\/wp-json\/wp\/v2\/users\/2"}],"replies":[{"embeddable":true,"href":"https:\/\/unomotor.com.ar\/web\/wp-json\/wp\/v2\/comments?post=13"}],"version-history":[{"count":25,"href":"https:\/\/unomotor.com.ar\/web\/wp-json\/wp\/v2\/pages\/13\/revisions"}],"predecessor-version":[{"id":6388,"href":"https:\/\/unomotor.com.ar\/web\/wp-json\/wp\/v2\/pages\/13\/revisions\/6388"}],"wp:featuredmedia":[{"embeddable":true,"href":"https:\/\/unomotor.com.ar\/web\/wp-json\/wp\/v2\/media\/5768"}],"wp:attachment":[{"href":"https:\/\/unomotor.com.ar\/web\/wp-json\/wp\/v2\/media?parent=13"}],"curies":[{"name":"wp","href":"https:\/\/api.w.org\/{rel}","templated":true}]}}